{"id":2,"date":"2024-12-05T14:50:44","date_gmt":"2024-12-05T14:50:44","guid":{"rendered":"http:\/\/me.mwd-dev.lu\/?page_id=2"},"modified":"2025-05-08T12:54:35","modified_gmt":"2025-05-08T12:54:35","slug":"accueil","status":"publish","type":"page","link":"https:\/\/me.mwd-dev.lu\/fr\/","title":{"rendered":"Accueil"},"content":{"rendered":"<h2>One objective<\/h2>\n<div>\n<p>The purpose of the Fondation du M\u00e9rite europ\u00e9en (FME) is laid down in its Statutes: \u00ab\u00a0its aim is to carry out any activity that can help to facilitate the European awareness needed for the progressive establishment of a humanistic, existential European Union and to confer the M\u00e9rite europ\u00e9en.\u00a0\u00bb<\/p>\n<\/div>\n<h2>One motto<\/h2>\n<div>\n<p>The Fondation du M\u00e9rite europ\u00e9en&rsquo;s motto is: \u00ab\u00a0<strong>Wanting Europe, knowing its problems, acting to achieve it<\/strong>\u00ab\u00a0. This motto requires a constant commitment, from both the Foundation and those people who have received an award and are called upon to apply it.<\/p>\n<\/div>\n<div><strong><span class=\"outline-text\">PRESIDENCE<\/span><\/strong><\/div>\n<p><a href=\"\/awards\/\"><img decoding=\"async\" src=\"\/_res\/uploads\/2025\/01\/4-04.png\" alt=\"\"><\/a><\/p>\n<div>\n<p>Discover all the differents awards and who has been gifted.<\/p>\n<\/div>\n<p>\n <a href=\"\/awards\/\">Read more <\/a>\n<\/p>\n<p><a href=\"\/honorary-president\/\"><img decoding=\"async\" src=\"\/_res\/uploads\/2025\/01\/viviane-adeaide-reding-v7.png\" alt=\"\"><\/a><\/p>\n<div>\n<p>Viviane Ad\u00e9a\u00efde Reding (born 27 April 1951) is a Luxembourgish politician and a former Member of the European Parliament (MEP) from Luxembourg.<\/p>\n<\/div>\n<p>\n <a href=\"\/honorary-president\/\">Read more <\/a>\n<\/p>\n<p><a href=\"\/history\/\"><img decoding=\"async\" src=\"\/_res\/uploads\/2025\/01\/4-05.png\" alt=\"\"><\/a><\/p>\n<div>\n<p style=\"text-align: center;\">Discover the history around<br \/>the Fondation du M\u00e9rite europ\u00e9en<\/p>\n<\/div>\n<p>\n <a href=\"\/history\/\">Read more <\/a>\n<\/p>\n<h1><strong>DISCOVER<\/strong><\/h1>\n<ul>\n<li>\n<p> <img decoding=\"async\" src=\"\/_res\/uploads\/2025\/01\/statutes-01.png\" alt=\"\"><\/p>\n<p><a href=\"\/_res\/uploads\/2025\/04\/statuts-au-1er-juillet-2007.pdf\"><\/a><\/p>\n<\/li>\n<li>\n<p> <img decoding=\"async\" src=\"\/_res\/uploads\/2025\/01\/events-02.png\" alt=\"\"><\/p>\n<p><a href=\"\/_res\/uploads\/2025\/04\/fme-invitation-conference-klaus-regling-02-j-uin-2025.pdf\"><\/a><\/p>\n<\/li>\n<li>\n<p> <img decoding=\"async\" src=\"\/_res\/uploads\/2025\/01\/members-03.png\" alt=\"\"><\/p>\n<p><a href=\"\/members\/\"><\/a><\/p>\n<\/li>\n<\/ul>\n<h1>NEWS<\/h1>\n<ul>\n<li>\n<h3>Conference invitation Klaus Regling<\/h3>\n<div>\n<p>Invitation to the conference by Mr Klaus Regling<br \/><a href=\"\/_res\/uploads\/2025\/04\/fme-invitation-conference-klaus-regling-02-j-uin-2025.pdf\" target=\"_blank\" rel=\"noopener\">Click here to view invitation<\/a><\/p>\n<\/div>\n<\/li>\n<li>\n<p> <img decoding=\"async\" src=\"\/_res\/uploads\/2025\/04\/prix-merite-europeen-1-scaled.jpg\" alt=\"\"><\/p>\n<h3>Remise de Dipl\u00f4me de la Fondation du m\u00e9rite europ\u00e9en au laur\u00e9at de la Facult\u00e9 des Sciences humaines, Sciences de l\u2019Education et des Sciences sociales de l&rsquo;universit\u00e9 du Luxembourg en D\u00e9cembre 2024<\/h3>\n<div>\n<p>La Fondation du m\u00e9rite europ\u00e9en rend cette ann\u00e9e un hommage particulier \u00e0 la m\u00e9moire de Monsieur MICHAEL CHAMIER, ancien Directeur des Finances au Parlement europ\u00e9en (1983-2002) et ancien Secr\u00e9taire G\u00e9n\u00e9ral, Pr\u00e9sident du Directoire et Tr\u00e9sorier\u00a0 de la Fondation qui est\u00a0 d\u00e9c\u00e9d\u00e9 le 20 juillet 2024. Il est \u00e0 l\u2019origine des relations de la Fondation du m\u00e9rite europ\u00e9en avec l\u2019universit\u00e9. Nous nous rappelons avec plaisir les nombreux \u00e9v\u00e9nements des derni\u00e8res ann\u00e9es auxquels il assistait, ne citons que les remises de dipl\u00f4mes aux \u00e9tudiants m\u00e9ritants en droit de la FDSE. L&rsquo;engagement et la d\u00e9termination de ce grand Europ\u00e9en resteront un exemple pour nous tous.<\/p>\n<\/div>\n<\/li>\n<\/ul>\n<p><br \/>\n<\/p>\n","protected":false},"excerpt":{"rendered":"<p>One objective The purpose of the Fondation du M\u00e9rite europ\u00e9en (FME) is laid down in its Statutes: \u00ab\u00a0its aim is to carry out any activity that can help to facilitate the European awareness needed for the progressive establishment of a humanistic, existential European Union and to confer the M\u00e9rite europ\u00e9en.\u00a0\u00bb One motto The Fondation du [&hellip;]<\/p>\n","protected":false},"author":1,"featured_media":0,"parent":0,"menu_order":0,"comment_status":"closed","ping_status":"closed","template":"","meta":{"footnotes":""},"class_list":["post-2","page","type-page","status-publish","hentry"],"acf":[],"_links":{"self":[{"href":"https:\/\/me.mwd-dev.lu\/fr\/wp-json\/wp\/v2\/pages\/2","targetHints":{"allow":["GET"]}}],"collection":[{"href":"https:\/\/me.mwd-dev.lu\/fr\/wp-json\/wp\/v2\/pages"}],"about":[{"href":"https:\/\/me.mwd-dev.lu\/fr\/wp-json\/wp\/v2\/types\/page"}],"author":[{"embeddable":true,"href":"https:\/\/me.mwd-dev.lu\/fr\/wp-json\/wp\/v2\/users\/1"}],"replies":[{"embeddable":true,"href":"https:\/\/me.mwd-dev.lu\/fr\/wp-json\/wp\/v2\/comments?post=2"}],"version-history":[{"count":0,"href":"https:\/\/me.mwd-dev.lu\/fr\/wp-json\/wp\/v2\/pages\/2\/revisions"}],"wp:attachment":[{"href":"https:\/\/me.mwd-dev.lu\/fr\/wp-json\/wp\/v2\/media?parent=2"}],"curies":[{"name":"wp","href":"https:\/\/api.w.org\/{rel}","templated":true}]}}