{"id":212,"date":"2025-01-30T09:09:57","date_gmt":"2025-01-30T09:09:57","guid":{"rendered":"https:\/\/me.mwd-dev.lu\/?page_id=212"},"modified":"2025-01-30T09:09:57","modified_gmt":"2025-01-30T09:09:57","slug":"awards-1998","status":"publish","type":"page","link":"https:\/\/me.mwd-dev.lu\/fr\/awards-1998\/","title":{"rendered":"Awards &#8211; 1998"},"content":{"rendered":"<div>1998<\/div>\n<div>\n<p> <img decoding=\"async\" src=\"\/_res\/uploads\/2025\/01\/konig.bmp\" alt=\"\"><\/p>\n<h2>Cardinal Franz K\u00f6nig, Mgr Fernand Franck<\/h2>\n<div>\n<p>Award of the M\u00e9rite europ\u00e9en to His Eminence Cardinal Franz K\u00f6nig, Emeritus Archbishop of Vienna. The Cardinal is flanked to his left by Bruno Turbang, President of the Executive Board, and to the right, by Andr\u00e9 Heiderscheid, President of the Fondation du M\u00e9rite europ\u00e9en\u2019s Board of Directors.<\/p>\n<\/p>\n<p>Franz K\u00f6nig (3 August 1905 \u2013 13 March 2004) was an Austrian Cardinal of the Catholic Church. He served as archbishop of Vienna from 1956 to 1985, and was elevated to the cardinalate in 1958. The last surviving cardinal elevated by Pope John XXIII, he was the second-oldest and longest-serving cardinal worldwide at the time of his death.<\/p>\n<\/div>\n<\/div>\n<div>\n<div>\n<p>Award of the M\u00e9rite europ\u00e9en to His Eminence Cardinal Franz K\u00f6nig, Emeritus Archbishop of Vienna. The Cardinal is flanked to his left by Bruno Turbang, President of the Executive Board, and to the right, by Andr\u00e9 Heiderscheid, President of the Fondation du M\u00e9rite europ\u00e9en\u2019s Board of Directors.<\/p>\n<p>Franz K\u00f6nig (3 August 1905 \u2013 13 March 2004) was an Austrian Cardinal of the Catholic Church. He served as archbishop of Vienna from 1956 to 1985, and was elevated to the cardinalate in 1958. The last surviving cardinal elevated by Pope John XXIII, he was the second-oldest and longest-serving cardinal worldwide at the time of his death.<\/p>\n<\/div>\n<\/div>\n<p><img decoding=\"async\" src=\"\/_res\/uploads\/2025\/01\/archbishop.bmp\" alt=\"\"><\/p>\n<p><br \/>\n<\/p>\n","protected":false},"excerpt":{"rendered":"<p>1998 Cardinal Franz K\u00f6nig, Mgr Fernand Franck Award of the M\u00e9rite europ\u00e9en to His Eminence Cardinal Franz K\u00f6nig, Emeritus Archbishop of Vienna. The Cardinal is flanked to his left by Bruno Turbang, President of the Executive Board, and to the right, by Andr\u00e9 Heiderscheid, President of the Fondation du M\u00e9rite europ\u00e9en\u2019s Board of Directors. Franz [&hellip;]<\/p>\n","protected":false},"author":1,"featured_media":0,"parent":0,"menu_order":0,"comment_status":"closed","ping_status":"closed","template":"","meta":{"footnotes":""},"class_list":["post-212","page","type-page","status-publish","hentry"],"acf":[],"_links":{"self":[{"href":"https:\/\/me.mwd-dev.lu\/fr\/wp-json\/wp\/v2\/pages\/212","targetHints":{"allow":["GET"]}}],"collection":[{"href":"https:\/\/me.mwd-dev.lu\/fr\/wp-json\/wp\/v2\/pages"}],"about":[{"href":"https:\/\/me.mwd-dev.lu\/fr\/wp-json\/wp\/v2\/types\/page"}],"author":[{"embeddable":true,"href":"https:\/\/me.mwd-dev.lu\/fr\/wp-json\/wp\/v2\/users\/1"}],"replies":[{"embeddable":true,"href":"https:\/\/me.mwd-dev.lu\/fr\/wp-json\/wp\/v2\/comments?post=212"}],"version-history":[{"count":0,"href":"https:\/\/me.mwd-dev.lu\/fr\/wp-json\/wp\/v2\/pages\/212\/revisions"}],"wp:attachment":[{"href":"https:\/\/me.mwd-dev.lu\/fr\/wp-json\/wp\/v2\/media?parent=212"}],"curies":[{"name":"wp","href":"https:\/\/api.w.org\/{rel}","templated":true}]}}